{"id":9312,"date":"2020-04-22T12:08:53","date_gmt":"2020-04-22T10:08:53","guid":{"rendered":"https:\/\/kidzstickers.com\/a-propos-de-kidzstickers\/"},"modified":"2021-02-15T15:04:06","modified_gmt":"2021-02-15T14:04:06","slug":"a-propos-de-kidzstickers","status":"publish","type":"page","link":"\/de\/a-propos-de-kidzstickers\/","title":{"rendered":"\u00dcber KidzStickers"},"content":{"rendered":"\n<p>Seit 2009 sind wir mit Begeisterung in den Bereichen <strong>Grafikdesign<\/strong>, <strong>Druck<\/strong> und <strong>Webseiten<\/strong> t\u00e4tig. Als drei von uns junge V\u00e4ter wurden, war die Idee geboren: warum sollten wir unsere gesch\u00e4ftlichen F\u00e4higkeiten und Erfahrungen nicht zum Wohle unserer Kids einsetzen? So entstand KidzStickers, die Website, die erm\u00f6glicht, mit hochwertigen, selbstklebenden Etiketten Kleidung oder Gegenst\u00e4nde zu kreieren und zu personalisieren.<\/p>\n\n<p>Alle Etappen, die f\u00fcr die Kreation der Etiketten notwendig sind, werden in der Schweiz, und zwar in unseren R\u00e4umlichkeiten in Lausanne, durchgef\u00fchrt. F\u00fcr Ihre optimale Zufriedenheit achten wir besonders auf Details und Qualit\u00e4t!<\/p>\n\n<p>Um uns zu unterst\u00fctzen und \u00fcber unsere Aktivit\u00e4ten auf dem Laufenden zu bleiben, empfehlen wir Ihnen, unsere Facebook-Seite zu liken! Und z\u00f6gern Sie nicht, Ihre Fotos von Etiketten auf Gegenst\u00e4nden oder Kleidung auf Pinterest und Instagram zu teilen!<\/p>\n\n<p><strong>KidzStickers<\/strong><br\/>c\/o Komunik S\u00e0rl<br\/>Rue de Gen\u00e8ve 88B<br\/>CH-1004 Lausanne<br\/>+41 21 552 12 48<br\/><a href=\"mailto:info@kidzstickers.com\">info@kidzstickers.com<\/a><br\/><a href=\"https:\/\/kidzstickers.com\/\">www.kidzstickers.com<\/a><\/p>\n","protected":false},"excerpt":{"rendered":"<p>Seit 2009 sind wir mit Begeisterung in den Bereichen Grafikdesign, Druck und Webseiten t\u00e4tig. Als drei von uns junge V\u00e4ter wurden, war die Idee geboren: warum sollten wir unsere gesch\u00e4ftlichen F\u00e4higkeiten und Erfahrungen nicht zum Wohle unserer Kids einsetzen? So entstand KidzStickers, die Website, die erm\u00f6glicht, mit hochwertigen, selbstklebenden Etiketten Kleidung oder Gegenst\u00e4nde zu kreieren [&hellip;]<\/p>\n","protected":false},"author":1,"featured_media":0,"parent":0,"menu_order":0,"comment_status":"closed","ping_status":"closed","template":"","meta":{"site-sidebar-layout":"no-sidebar","site-content-layout":"page-builder","ast-site-content-layout":"full-width-container","site-content-style":"unboxed","site-sidebar-style":"unboxed","ast-global-header-display":"","ast-banner-title-visibility":"","ast-main-header-display":"","ast-hfb-above-header-display":"","ast-hfb-below-header-display":"","ast-hfb-mobile-header-display":"","site-post-title":"disabled","ast-breadcrumbs-content":"","ast-featured-img":"disabled","footer-sml-layout":"","ast-disable-related-posts":"","theme-transparent-header-meta":"default","adv-header-id-meta":"","stick-header-meta":"default","header-above-stick-meta":"","header-main-stick-meta":"","header-below-stick-meta":"","astra-migrate-meta-layouts":"default","ast-page-background-enabled":"default","ast-page-background-meta":{"desktop":{"background-color":"","background-image":"","background-repeat":"repeat","background-position":"center center","background-size":"auto","background-attachment":"scroll","background-type":"","background-media":"","overlay-type":"","overlay-color":"","overlay-opacity":"","overlay-gradient":""},"tablet":{"background-color":"","background-image":"","background-repeat":"repeat","background-position":"center center","background-size":"auto","background-attachment":"scroll","background-type":"","background-media":"","overlay-type":"","overlay-color":"","overlay-opacity":"","overlay-gradient":""},"mobile":{"background-color":"","background-image":"","background-repeat":"repeat","background-position":"center center","background-size":"auto","background-attachment":"scroll","background-type":"","background-media":"","overlay-type":"","overlay-color":"","overlay-opacity":"","overlay-gradient":""}},"ast-content-background-meta":{"desktop":{"background-color":"var(--ast-global-color-5)","background-image":"","background-repeat":"repeat","background-position":"center center","background-size":"auto","background-attachment":"scroll","background-type":"","background-media":"","overlay-type":"","overlay-color":"","overlay-opacity":"","overlay-gradient":""},"tablet":{"background-color":"var(--ast-global-color-5)","background-image":"","background-repeat":"repeat","background-position":"center center","background-size":"auto","background-attachment":"scroll","background-type":"","background-media":"","overlay-type":"","overlay-color":"","overlay-opacity":"","overlay-gradient":""},"mobile":{"background-color":"var(--ast-global-color-5)","background-image":"","background-repeat":"repeat","background-position":"center center","background-size":"auto","background-attachment":"scroll","background-type":"","background-media":"","overlay-type":"","overlay-color":"","overlay-opacity":"","overlay-gradient":""}},"footnotes":""},"class_list":["post-9312","page","type-page","status-publish","hentry"],"yoast_head":"<!-- This site is optimized with the Yoast SEO plugin v27.3 - https:\/\/yoast.com\/product\/yoast-seo-wordpress\/ -->\n<title>\u00dcber KidzStickers | KidzStickers - Vos \u00e9tiquettes personnalis\u00e9es pour objets et v\u00eatements - Vos \u00e9tiquettes autocollantes personnalis\u00e9es<\/title>\n<meta name=\"robots\" content=\"index, follow, max-snippet:-1, max-image-preview:large, max-video-preview:-1\" \/>\n<link rel=\"canonical\" href=\"\/de\/a-propos-de-kidzstickers\/\" \/>\n<meta property=\"og:locale\" content=\"de_DE\" \/>\n<meta property=\"og:type\" content=\"article\" \/>\n<meta property=\"og:title\" content=\"\u00dcber KidzStickers | KidzStickers - Vos \u00e9tiquettes personnalis\u00e9es pour objets et v\u00eatements - Vos \u00e9tiquettes autocollantes personnalis\u00e9es\" \/>\n<meta property=\"og:description\" content=\"Seit 2009 sind wir mit Begeisterung in den Bereichen Grafikdesign, Druck und Webseiten t\u00e4tig. Als drei von uns junge V\u00e4ter wurden, war die Idee geboren: warum sollten wir unsere gesch\u00e4ftlichen F\u00e4higkeiten und Erfahrungen nicht zum Wohle unserer Kids einsetzen? So entstand KidzStickers, die Website, die erm\u00f6glicht, mit hochwertigen, selbstklebenden Etiketten Kleidung oder Gegenst\u00e4nde zu kreieren [&hellip;]\" \/>\n<meta property=\"og:url\" content=\"\/de\/a-propos-de-kidzstickers\/\" \/>\n<meta property=\"og:site_name\" content=\"KidzStickers - Vos \u00e9tiquettes personnalis\u00e9es pour objets et v\u00eatements\" \/>\n<meta property=\"article:modified_time\" content=\"2021-02-15T14:04:06+00:00\" \/>\n<meta name=\"twitter:card\" content=\"summary_large_image\" \/>\n<meta name=\"twitter:label1\" content=\"Gesch\u00e4tzte Lesezeit\" \/>\n\t<meta name=\"twitter:data1\" content=\"1\u00a0Minute\" \/>\n<script type=\"application\/ld+json\" class=\"yoast-schema-graph\">{\"@context\":\"https:\\\/\\\/schema.org\",\"@graph\":[{\"@type\":\"WebPage\",\"@id\":\"https:\\\/\\\/kidzstickers.com\\\/de\\\/a-propos-de-kidzstickers\\\/\",\"url\":\"https:\\\/\\\/kidzstickers.com\\\/de\\\/a-propos-de-kidzstickers\\\/\",\"name\":\"\u00dcber KidzStickers | KidzStickers - Vos \u00e9tiquettes personnalis\u00e9es pour objets et v\u00eatements - Vos \u00e9tiquettes autocollantes personnalis\u00e9es\",\"isPartOf\":{\"@id\":\"https:\\\/\\\/kidzstickers.com\\\/de\\\/#website\"},\"datePublished\":\"2020-04-22T10:08:53+00:00\",\"dateModified\":\"2021-02-15T14:04:06+00:00\",\"breadcrumb\":{\"@id\":\"https:\\\/\\\/kidzstickers.com\\\/de\\\/a-propos-de-kidzstickers\\\/#breadcrumb\"},\"inLanguage\":\"de\",\"potentialAction\":[{\"@type\":\"ReadAction\",\"target\":[\"https:\\\/\\\/kidzstickers.com\\\/de\\\/a-propos-de-kidzstickers\\\/\"]}]},{\"@type\":\"BreadcrumbList\",\"@id\":\"https:\\\/\\\/kidzstickers.com\\\/de\\\/a-propos-de-kidzstickers\\\/#breadcrumb\",\"itemListElement\":[{\"@type\":\"ListItem\",\"position\":1,\"name\":\"Accueil\",\"item\":\"https:\\\/\\\/kidzstickers.com\\\/de\\\/\"},{\"@type\":\"ListItem\",\"position\":2,\"name\":\"\u00dcber KidzStickers\"}]},{\"@type\":\"WebSite\",\"@id\":\"https:\\\/\\\/kidzstickers.com\\\/de\\\/#website\",\"url\":\"https:\\\/\\\/kidzstickers.com\\\/de\\\/\",\"name\":\"KidzStickers - Vos \u00e9tiquettes personnalis\u00e9es pour objets et v\u00eatements\",\"description\":\"Stickers personnalis\u00e9s pour habits et objets\",\"publisher\":{\"@id\":\"https:\\\/\\\/kidzstickers.com\\\/de\\\/#organization\"},\"potentialAction\":[{\"@type\":\"SearchAction\",\"target\":{\"@type\":\"EntryPoint\",\"urlTemplate\":\"https:\\\/\\\/kidzstickers.com\\\/de\\\/?s={search_term_string}\"},\"query-input\":{\"@type\":\"PropertyValueSpecification\",\"valueRequired\":true,\"valueName\":\"search_term_string\"}}],\"inLanguage\":\"de\"},{\"@type\":\"Organization\",\"@id\":\"https:\\\/\\\/kidzstickers.com\\\/de\\\/#organization\",\"name\":\"KidzStickers\",\"url\":\"https:\\\/\\\/kidzstickers.com\\\/de\\\/\",\"logo\":{\"@type\":\"ImageObject\",\"inLanguage\":\"de\",\"@id\":\"https:\\\/\\\/kidzstickers.com\\\/de\\\/#\\\/schema\\\/logo\\\/image\\\/\",\"url\":\"https:\\\/\\\/www.kidzstickers.ch\\\/wp-content\\\/uploads\\\/2020\\\/05\\\/cropped-kidzstickers-1.png\",\"contentUrl\":\"https:\\\/\\\/www.kidzstickers.ch\\\/wp-content\\\/uploads\\\/2020\\\/05\\\/cropped-kidzstickers-1.png\",\"width\":160,\"height\":160,\"caption\":\"KidzStickers\"},\"image\":{\"@id\":\"https:\\\/\\\/kidzstickers.com\\\/de\\\/#\\\/schema\\\/logo\\\/image\\\/\"}}]}<\/script>\n<!-- \/ Yoast SEO plugin. -->","yoast_head_json":{"title":"\u00dcber KidzStickers | KidzStickers - Vos \u00e9tiquettes personnalis\u00e9es pour objets et v\u00eatements - Vos \u00e9tiquettes autocollantes personnalis\u00e9es","robots":{"index":"index","follow":"follow","max-snippet":"max-snippet:-1","max-image-preview":"max-image-preview:large","max-video-preview":"max-video-preview:-1"},"canonical":"\/de\/a-propos-de-kidzstickers\/","og_locale":"de_DE","og_type":"article","og_title":"\u00dcber KidzStickers | KidzStickers - Vos \u00e9tiquettes personnalis\u00e9es pour objets et v\u00eatements - Vos \u00e9tiquettes autocollantes personnalis\u00e9es","og_description":"Seit 2009 sind wir mit Begeisterung in den Bereichen Grafikdesign, Druck und Webseiten t\u00e4tig. Als drei von uns junge V\u00e4ter wurden, war die Idee geboren: warum sollten wir unsere gesch\u00e4ftlichen F\u00e4higkeiten und Erfahrungen nicht zum Wohle unserer Kids einsetzen? So entstand KidzStickers, die Website, die erm\u00f6glicht, mit hochwertigen, selbstklebenden Etiketten Kleidung oder Gegenst\u00e4nde zu kreieren [&hellip;]","og_url":"\/de\/a-propos-de-kidzstickers\/","og_site_name":"KidzStickers - Vos \u00e9tiquettes personnalis\u00e9es pour objets et v\u00eatements","article_modified_time":"2021-02-15T14:04:06+00:00","twitter_card":"summary_large_image","twitter_misc":{"Gesch\u00e4tzte Lesezeit":"1\u00a0Minute"},"schema":{"@context":"https:\/\/schema.org","@graph":[{"@type":"WebPage","@id":"\/de\/a-propos-de-kidzstickers\/","url":"\/de\/a-propos-de-kidzstickers\/","name":"\u00dcber KidzStickers | KidzStickers - Vos \u00e9tiquettes personnalis\u00e9es pour objets et v\u00eatements - Vos \u00e9tiquettes autocollantes personnalis\u00e9es","isPartOf":{"@id":"\/de\/#website"},"datePublished":"2020-04-22T10:08:53+00:00","dateModified":"2021-02-15T14:04:06+00:00","breadcrumb":{"@id":"\/de\/a-propos-de-kidzstickers\/#breadcrumb"},"inLanguage":"de","potentialAction":[{"@type":"ReadAction","target":["\/de\/a-propos-de-kidzstickers\/"]}]},{"@type":"BreadcrumbList","@id":"\/de\/a-propos-de-kidzstickers\/#breadcrumb","itemListElement":[{"@type":"ListItem","position":1,"name":"Accueil","item":"\/de\/"},{"@type":"ListItem","position":2,"name":"\u00dcber KidzStickers"}]},{"@type":"WebSite","@id":"\/de\/#website","url":"\/de\/","name":"KidzStickers - Vos \u00e9tiquettes personnalis\u00e9es pour objets et v\u00eatements","description":"Stickers personnalis\u00e9s pour habits et objets","publisher":{"@id":"\/de\/#organization"},"potentialAction":[{"@type":"SearchAction","target":{"@type":"EntryPoint","urlTemplate":"\/de\/?s={search_term_string}"},"query-input":{"@type":"PropertyValueSpecification","valueRequired":true,"valueName":"search_term_string"}}],"inLanguage":"de"},{"@type":"Organization","@id":"\/de\/#organization","name":"KidzStickers","url":"\/de\/","logo":{"@type":"ImageObject","inLanguage":"de","@id":"\/de\/#\/schema\/logo\/image\/","url":"https:\/\/www.kidzstickers.ch\/wp-content\/uploads\/2020\/05\/cropped-kidzstickers-1.png","contentUrl":"https:\/\/www.kidzstickers.ch\/wp-content\/uploads\/2020\/05\/cropped-kidzstickers-1.png","width":160,"height":160,"caption":"KidzStickers"},"image":{"@id":"\/de\/#\/schema\/logo\/image\/"}}]}},"jetpack_sharing_enabled":true,"_links":{"self":[{"href":"\/de\/wp-json\/wp\/v2\/pages\/9312","targetHints":{"allow":["GET"]}}],"collection":[{"href":"\/de\/wp-json\/wp\/v2\/pages"}],"about":[{"href":"\/de\/wp-json\/wp\/v2\/types\/page"}],"author":[{"embeddable":true,"href":"\/de\/wp-json\/wp\/v2\/users\/1"}],"replies":[{"embeddable":true,"href":"\/de\/wp-json\/wp\/v2\/comments?post=9312"}],"version-history":[{"count":0,"href":"\/de\/wp-json\/wp\/v2\/pages\/9312\/revisions"}],"wp:attachment":[{"href":"\/de\/wp-json\/wp\/v2\/media?parent=9312"}],"curies":[{"name":"wp","href":"https:\/\/api.w.org\/{rel}","templated":true}]}}