{"id":9335,"date":"2020-12-10T14:35:10","date_gmt":"2020-12-10T13:35:10","guid":{"rendered":"https:\/\/kidzstickers.com\/produit\/personalisiertes-t-shirt\/"},"modified":"2021-02-16T10:09:07","modified_gmt":"2021-02-16T09:09:07","slug":"personalisiertes-t-shirt","status":"publish","type":"product","link":"\/de\/produkt\/personalisiertes-t-shirt\/","title":{"rendered":"Personalisiertes T-Shirt"},"content":{"rendered":"","protected":false},"excerpt":{"rendered":"<h3 style=\"display: block; box-sizing: border-box; width: 100%; margin: 15px 0px 15px 0px; background-color: #30a3b5; color: #fff; border-radius: 5px; clear: left; padding: 4px 6px 4px 11px; font-size: 22px;\">W\u00e4hlen Sie ihr Motiv<\/h3>\n<ul class=\"kidz-habits-dessins\">\n<li id=\"kzh-1\" class=\"all\" style=\"background-image: url('\/wp-content\/uploads\/2020\/12\/Petite_Kidztshirts-vache-neige_G.jpg');\" title=\"Ocean\" data-design-name=\"Reine des neiges\"><\/li>\n<li id=\"kzh-2\" class=\"all\" style=\"background-image: url('\/wp-content\/uploads\/2020\/12\/Petite_Kidztshirts-vache_G.jpg');\" title=\"Clown\" data-design-name=\"Ton p\u00e8re, il a o\u00f9 les vaches\"><\/li>\n<li id=\"kzh-3\" class=\"all\" style=\"background-image: url('\/wp-content\/uploads\/2020\/12\/Petite_Kidztshirts-tracteur_G.jpg');\" title=\"Licorne\" data-design-name=\"J'peux pas j'ai tracteur\"><\/li>\n<li id=\"kzh-4\" class=\"all\" style=\"background-image: url('\/wp-content\/uploads\/2020\/12\/Petite_Kidztshirts-poussin_G.jpg');\" title=\"Cactus\" data-design-name=\"Mon p'tit poussin\"><\/li>\n<li id=\"kzh-5\" class=\"all\" style=\"background-image: url('\/wp-content\/uploads\/2020\/12\/Petite_Kidztshirts-lion_G.jpg');\" title=\"Pirates\" data-design-name=\"Le roi de la jungle\"><\/li>\n<li id=\"kzh-6\" class=\"all\" style=\"background-image: url('\/wp-content\/uploads\/2020\/12\/Petite_Kidztshirts-dino_Gris.jpg');\" title=\"Candy\" data-design-name=\"Sorti de l'oeuf\"><\/li>\n<li id=\"kzh-7\" class=\"all\" style=\"background-image: url('\/wp-content\/uploads\/2020\/12\/Petite_Kidztshirts-renard_G.jpg');\" title=\"Dino\" data-design-name=\"Ma\u00eetre renard\"><\/li>\n<li id=\"kzh-8\" class=\"all\" style=\"background-image: url('\/wp-content\/uploads\/2020\/12\/Petite_Kidztshirts-ours_G.jpg');\" title=\"Animaux de la for\u00eat\" data-design-name=\"P'tit ourson\"><\/li>\n<li id=\"kzh-8\" class=\"all\" style=\"background-image: url('\/wp-content\/uploads\/2020\/12\/Petite_Kidztshirts-licorne_G.jpg');\" title=\"Licorne\" data-design-name=\"Licorne\"><\/li>\n<\/ul>\n<h3 style=\"display: block; box-sizing: border-box; width: 100%; margin: 15px 0px 15px 0px; background-color: #30a3b5; color: #fff; border-radius: 5px; clear: left; padding: 4px 6px 4px 11px; font-size: 22px;\">W\u00e4hlen Sie die Gr\u00f6sse Ihres T-Shirts<\/h3>\n","protected":false},"featured_media":8839,"template":"","meta":{"site-sidebar-layout":"default","site-content-layout":"default","ast-site-content-layout":"default","site-content-style":"default","site-sidebar-style":"default","ast-global-header-display":"","ast-banner-title-visibility":"","ast-main-header-display":"","ast-hfb-above-header-display":"","ast-hfb-below-header-display":"","ast-hfb-mobile-header-display":"","site-post-title":"","ast-breadcrumbs-content":"","ast-featured-img":"","footer-sml-layout":"","ast-disable-related-posts":"","theme-transparent-header-meta":"default","adv-header-id-meta":"","stick-header-meta":"default","header-above-stick-meta":"","header-main-stick-meta":"","header-below-stick-meta":"","astra-migrate-meta-layouts":"default","ast-page-background-enabled":"default","ast-page-background-meta":{"desktop":{"background-color":"","background-image":"","background-repeat":"repeat","background-position":"center center","background-size":"auto","background-attachment":"scroll","background-type":"","background-media":"","overlay-type":"","overlay-color":"","overlay-opacity":"","overlay-gradient":""},"tablet":{"background-color":"","background-image":"","background-repeat":"repeat","background-position":"center center","background-size":"auto","background-attachment":"scroll","background-type":"","background-media":"","overlay-type":"","overlay-color":"","overlay-opacity":"","overlay-gradient":""},"mobile":{"background-color":"","background-image":"","background-repeat":"repeat","background-position":"center center","background-size":"auto","background-attachment":"scroll","background-type":"","background-media":"","overlay-type":"","overlay-color":"","overlay-opacity":"","overlay-gradient":""}},"ast-content-background-meta":{"desktop":{"background-color":"var(--ast-global-color-5)","background-image":"","background-repeat":"repeat","background-position":"center center","background-size":"auto","background-attachment":"scroll","background-type":"","background-media":"","overlay-type":"","overlay-color":"","overlay-opacity":"","overlay-gradient":""},"tablet":{"background-color":"var(--ast-global-color-5)","background-image":"","background-repeat":"repeat","background-position":"center center","background-size":"auto","background-attachment":"scroll","background-type":"","background-media":"","overlay-type":"","overlay-color":"","overlay-opacity":"","overlay-gradient":""},"mobile":{"background-color":"var(--ast-global-color-5)","background-image":"","background-repeat":"repeat","background-position":"center center","background-size":"auto","background-attachment":"scroll","background-type":"","background-media":"","overlay-type":"","overlay-color":"","overlay-opacity":"","overlay-gradient":""}}},"product_brand":[],"product_cat":[42],"product_tag":[],"class_list":{"0":"post-9335","1":"product","2":"type-product","3":"status-publish","4":"has-post-thumbnail","6":"product_cat-kleidung","7":"desktop-align-center","8":"tablet-align-center","9":"mobile-align-center","10":"ast-product-gallery-layout-horizontal","11":"ast-product-gallery-with-no-image","12":"ast-magnify-disabled","13":"ast-product-single-variable","14":"ast-product-tabs-layout-horizontal","16":"first","17":"instock","18":"sale","19":"taxable","20":"shipping-taxable","21":"purchasable","22":"product-type-variable","23":"has-default-attributes"},"yoast_head":"<!-- This site is optimized with the Yoast SEO plugin v27.3 - https:\/\/yoast.com\/product\/yoast-seo-wordpress\/ -->\n<title>Personalisiertes T-Shirt | KidzStickers - Vos \u00e9tiquettes personnalis\u00e9es pour objets et v\u00eatements<\/title>\n<meta name=\"robots\" content=\"index, follow, max-snippet:-1, max-image-preview:large, max-video-preview:-1\" \/>\n<link rel=\"canonical\" href=\"\/de\/produkt\/personalisiertes-t-shirt\/\" \/>\n<meta property=\"og:locale\" content=\"de_DE\" \/>\n<meta property=\"og:type\" content=\"article\" \/>\n<meta property=\"og:title\" content=\"Personalisiertes T-Shirt | KidzStickers - Vos \u00e9tiquettes personnalis\u00e9es pour objets et v\u00eatements\" \/>\n<meta property=\"og:description\" content=\"W\u00e4hlen Sie ihr Motiv                     W\u00e4hlen Sie die Gr\u00f6sse Ihres T-Shirts\" \/>\n<meta property=\"og:url\" content=\"\/de\/produkt\/personalisiertes-t-shirt\/\" \/>\n<meta property=\"og:site_name\" content=\"KidzStickers - Vos \u00e9tiquettes personnalis\u00e9es pour objets et v\u00eatements\" \/>\n<meta property=\"article:modified_time\" content=\"2021-02-16T09:09:07+00:00\" \/>\n<meta property=\"og:image\" content=\"https:\/\/kidzstickers.com\/wp-content\/uploads\/2020\/12\/mockup-shirt-perso.jpg\" \/>\n\t<meta property=\"og:image:width\" content=\"2500\" \/>\n\t<meta property=\"og:image:height\" content=\"2500\" \/>\n\t<meta property=\"og:image:type\" content=\"image\/jpeg\" \/>\n<meta name=\"twitter:card\" content=\"summary_large_image\" \/>\n<script type=\"application\/ld+json\" class=\"yoast-schema-graph\">{\"@context\":\"https:\\\/\\\/schema.org\",\"@graph\":[{\"@type\":\"WebPage\",\"@id\":\"https:\\\/\\\/kidzstickers.com\\\/de\\\/produkt\\\/personalisiertes-t-shirt\\\/\",\"url\":\"https:\\\/\\\/kidzstickers.com\\\/de\\\/produkt\\\/personalisiertes-t-shirt\\\/\",\"name\":\"Personalisiertes T-Shirt | KidzStickers - Vos \u00e9tiquettes personnalis\u00e9es pour objets et v\u00eatements\",\"isPartOf\":{\"@id\":\"https:\\\/\\\/kidzstickers.com\\\/de\\\/#website\"},\"primaryImageOfPage\":{\"@id\":\"https:\\\/\\\/kidzstickers.com\\\/de\\\/produkt\\\/personalisiertes-t-shirt\\\/#primaryimage\"},\"image\":{\"@id\":\"https:\\\/\\\/kidzstickers.com\\\/de\\\/produkt\\\/personalisiertes-t-shirt\\\/#primaryimage\"},\"thumbnailUrl\":\"https:\\\/\\\/kidzstickers.com\\\/wp-content\\\/uploads\\\/2020\\\/12\\\/mockup-shirt-perso.jpg\",\"datePublished\":\"2020-12-10T13:35:10+00:00\",\"dateModified\":\"2021-02-16T09:09:07+00:00\",\"breadcrumb\":{\"@id\":\"https:\\\/\\\/kidzstickers.com\\\/de\\\/produkt\\\/personalisiertes-t-shirt\\\/#breadcrumb\"},\"inLanguage\":\"de\",\"potentialAction\":[{\"@type\":\"ReadAction\",\"target\":[\"https:\\\/\\\/kidzstickers.com\\\/de\\\/produkt\\\/personalisiertes-t-shirt\\\/\"]}]},{\"@type\":\"ImageObject\",\"inLanguage\":\"de\",\"@id\":\"https:\\\/\\\/kidzstickers.com\\\/de\\\/produkt\\\/personalisiertes-t-shirt\\\/#primaryimage\",\"url\":\"https:\\\/\\\/kidzstickers.com\\\/wp-content\\\/uploads\\\/2020\\\/12\\\/mockup-shirt-perso.jpg\",\"contentUrl\":\"https:\\\/\\\/kidzstickers.com\\\/wp-content\\\/uploads\\\/2020\\\/12\\\/mockup-shirt-perso.jpg\",\"width\":2500,\"height\":2500,\"caption\":\"T-shirt personnalis\u00e9\"},{\"@type\":\"BreadcrumbList\",\"@id\":\"https:\\\/\\\/kidzstickers.com\\\/de\\\/produkt\\\/personalisiertes-t-shirt\\\/#breadcrumb\",\"itemListElement\":[{\"@type\":\"ListItem\",\"position\":1,\"name\":\"Accueil\",\"item\":\"https:\\\/\\\/kidzstickers.com\\\/de\\\/\"},{\"@type\":\"ListItem\",\"position\":2,\"name\":\"Shop\",\"item\":\"https:\\\/\\\/kidzstickers.com\\\/de\\\/shop-2\\\/\"},{\"@type\":\"ListItem\",\"position\":3,\"name\":\"Personalisiertes T-Shirt\"}]},{\"@type\":\"WebSite\",\"@id\":\"https:\\\/\\\/kidzstickers.com\\\/de\\\/#website\",\"url\":\"https:\\\/\\\/kidzstickers.com\\\/de\\\/\",\"name\":\"KidzStickers - Vos \u00e9tiquettes personnalis\u00e9es pour objets et v\u00eatements\",\"description\":\"Stickers personnalis\u00e9s pour habits et objets\",\"publisher\":{\"@id\":\"https:\\\/\\\/kidzstickers.com\\\/de\\\/#organization\"},\"potentialAction\":[{\"@type\":\"SearchAction\",\"target\":{\"@type\":\"EntryPoint\",\"urlTemplate\":\"https:\\\/\\\/kidzstickers.com\\\/de\\\/?s={search_term_string}\"},\"query-input\":{\"@type\":\"PropertyValueSpecification\",\"valueRequired\":true,\"valueName\":\"search_term_string\"}}],\"inLanguage\":\"de\"},{\"@type\":\"Organization\",\"@id\":\"https:\\\/\\\/kidzstickers.com\\\/de\\\/#organization\",\"name\":\"KidzStickers\",\"url\":\"https:\\\/\\\/kidzstickers.com\\\/de\\\/\",\"logo\":{\"@type\":\"ImageObject\",\"inLanguage\":\"de\",\"@id\":\"https:\\\/\\\/kidzstickers.com\\\/de\\\/#\\\/schema\\\/logo\\\/image\\\/\",\"url\":\"https:\\\/\\\/www.kidzstickers.ch\\\/wp-content\\\/uploads\\\/2020\\\/05\\\/cropped-kidzstickers-1.png\",\"contentUrl\":\"https:\\\/\\\/www.kidzstickers.ch\\\/wp-content\\\/uploads\\\/2020\\\/05\\\/cropped-kidzstickers-1.png\",\"width\":160,\"height\":160,\"caption\":\"KidzStickers\"},\"image\":{\"@id\":\"https:\\\/\\\/kidzstickers.com\\\/de\\\/#\\\/schema\\\/logo\\\/image\\\/\"}}]}<\/script>\n<!-- \/ Yoast SEO plugin. -->","yoast_head_json":{"title":"Personalisiertes T-Shirt | KidzStickers - Vos \u00e9tiquettes personnalis\u00e9es pour objets et v\u00eatements","robots":{"index":"index","follow":"follow","max-snippet":"max-snippet:-1","max-image-preview":"max-image-preview:large","max-video-preview":"max-video-preview:-1"},"canonical":"\/de\/produkt\/personalisiertes-t-shirt\/","og_locale":"de_DE","og_type":"article","og_title":"Personalisiertes T-Shirt | KidzStickers - Vos \u00e9tiquettes personnalis\u00e9es pour objets et v\u00eatements","og_description":"W\u00e4hlen Sie ihr Motiv                     W\u00e4hlen Sie die Gr\u00f6sse Ihres T-Shirts","og_url":"\/de\/produkt\/personalisiertes-t-shirt\/","og_site_name":"KidzStickers - Vos \u00e9tiquettes personnalis\u00e9es pour objets et v\u00eatements","article_modified_time":"2021-02-16T09:09:07+00:00","og_image":[{"width":2500,"height":2500,"url":"https:\/\/kidzstickers.com\/wp-content\/uploads\/2020\/12\/mockup-shirt-perso.jpg","type":"image\/jpeg"}],"twitter_card":"summary_large_image","schema":{"@context":"https:\/\/schema.org","@graph":[{"@type":"WebPage","@id":"\/de\/produkt\/personalisiertes-t-shirt\/","url":"\/de\/produkt\/personalisiertes-t-shirt\/","name":"Personalisiertes T-Shirt | KidzStickers - Vos \u00e9tiquettes personnalis\u00e9es pour objets et v\u00eatements","isPartOf":{"@id":"\/de\/#website"},"primaryImageOfPage":{"@id":"\/de\/produkt\/personalisiertes-t-shirt\/#primaryimage"},"image":{"@id":"\/de\/produkt\/personalisiertes-t-shirt\/#primaryimage"},"thumbnailUrl":"https:\/\/kidzstickers.com\/wp-content\/uploads\/2020\/12\/mockup-shirt-perso.jpg","datePublished":"2020-12-10T13:35:10+00:00","dateModified":"2021-02-16T09:09:07+00:00","breadcrumb":{"@id":"\/de\/produkt\/personalisiertes-t-shirt\/#breadcrumb"},"inLanguage":"de","potentialAction":[{"@type":"ReadAction","target":["\/de\/produkt\/personalisiertes-t-shirt\/"]}]},{"@type":"ImageObject","inLanguage":"de","@id":"\/de\/produkt\/personalisiertes-t-shirt\/#primaryimage","url":"https:\/\/kidzstickers.com\/wp-content\/uploads\/2020\/12\/mockup-shirt-perso.jpg","contentUrl":"https:\/\/kidzstickers.com\/wp-content\/uploads\/2020\/12\/mockup-shirt-perso.jpg","width":2500,"height":2500,"caption":"T-shirt personnalis\u00e9"},{"@type":"BreadcrumbList","@id":"\/de\/produkt\/personalisiertes-t-shirt\/#breadcrumb","itemListElement":[{"@type":"ListItem","position":1,"name":"Accueil","item":"\/de\/"},{"@type":"ListItem","position":2,"name":"Shop","item":"\/de\/shop-2\/"},{"@type":"ListItem","position":3,"name":"Personalisiertes T-Shirt"}]},{"@type":"WebSite","@id":"\/de\/#website","url":"\/de\/","name":"KidzStickers - Vos \u00e9tiquettes personnalis\u00e9es pour objets et v\u00eatements","description":"Stickers personnalis\u00e9s pour habits et objets","publisher":{"@id":"\/de\/#organization"},"potentialAction":[{"@type":"SearchAction","target":{"@type":"EntryPoint","urlTemplate":"\/de\/?s={search_term_string}"},"query-input":{"@type":"PropertyValueSpecification","valueRequired":true,"valueName":"search_term_string"}}],"inLanguage":"de"},{"@type":"Organization","@id":"\/de\/#organization","name":"KidzStickers","url":"\/de\/","logo":{"@type":"ImageObject","inLanguage":"de","@id":"\/de\/#\/schema\/logo\/image\/","url":"https:\/\/www.kidzstickers.ch\/wp-content\/uploads\/2020\/05\/cropped-kidzstickers-1.png","contentUrl":"https:\/\/www.kidzstickers.ch\/wp-content\/uploads\/2020\/05\/cropped-kidzstickers-1.png","width":160,"height":160,"caption":"KidzStickers"},"image":{"@id":"\/de\/#\/schema\/logo\/image\/"}}]}},"jetpack_sharing_enabled":true,"_links":{"self":[{"href":"\/de\/wp-json\/wp\/v2\/product\/9335","targetHints":{"allow":["GET"]}}],"collection":[{"href":"\/de\/wp-json\/wp\/v2\/product"}],"about":[{"href":"\/de\/wp-json\/wp\/v2\/types\/product"}],"wp:featuredmedia":[{"embeddable":true,"href":"\/de\/wp-json\/wp\/v2\/media\/8839"}],"wp:attachment":[{"href":"\/de\/wp-json\/wp\/v2\/media?parent=9335"}],"wp:term":[{"taxonomy":"product_brand","embeddable":true,"href":"\/de\/wp-json\/wp\/v2\/product_brand?post=9335"},{"taxonomy":"product_cat","embeddable":true,"href":"\/de\/wp-json\/wp\/v2\/product_cat?post=9335"},{"taxonomy":"product_tag","embeddable":true,"href":"\/de\/wp-json\/wp\/v2\/product_tag?post=9335"}],"curies":[{"name":"wp","href":"https:\/\/api.w.org\/{rel}","templated":true}]}}