{"id":9484,"date":"2020-04-19T12:27:57","date_gmt":"2020-04-19T10:27:57","guid":{"rendered":"https:\/\/kidzstickers.com\/produit\/schuh-etiketten\/"},"modified":"2022-07-21T15:17:09","modified_gmt":"2022-07-21T13:17:09","slug":"schuh-etiketten","status":"publish","type":"product","link":"\/de\/produkt\/schuh-etiketten\/","title":{"rendered":"Schuh-Etiketten"},"content":{"rendered":"<h3>Ihr Kind wird nie wieder seine Schuhe verlieren!<\/h3>\n<p>Kennzeichnen Sie die Schuhe Ihres Kindes mit tollen individuellen Etiketten! Dank des cleveren Motivs, das sich auf den beiden F\u00fcssen erg\u00e4nzt, wird Ihr Kind sofort zwischen rechts und links unterscheiden: erkl\u00e4ren Sie ihm einfach, dass die Bilder sich erg\u00e4nzen \u00a0m\u00fcssen!<\/p>\n<p>Personalisierbare Selbstklebeetiketten f\u00fcr Kinderschuhe. Schnelle und einfache Anwendung.<\/p>\n<ul>\n<li><strong>12 Schuh-Etiketten (6 Paare)<\/strong>\n<div class=\"dim\">&#8211; 37 x 40 mm<\/div>\n<\/li>\n<\/ul>\n<div class=\"carac\">\n<div class=\"half\"><i class=\"icon-award\"><\/i> \u00c9tiquettes<br \/>\nhaut de gamme<\/div>\n<div class=\"half\"><i class=\"icon-clock\"><\/i>Herstellung innerhalb<br \/>\nvon 24 Stunden<\/div>\n<div class=\"half\"><i class=\"icon-climate\"><\/i> Sonnen und<br \/>\nwasserbest\u00e4ndig<\/div>\n<div class=\"half\"><i class=\"icon-switzerland\"><\/i> Design und Druck<br \/>\nin der Schweiz<\/div>\n<\/div>\n","protected":false},"excerpt":{"rendered":"<p>12 Etiketten | 37 x 40 mm<\/p>\n","protected":false},"featured_media":43,"template":"","meta":{"site-sidebar-layout":"default","site-content-layout":"default","ast-site-content-layout":"default","site-content-style":"default","site-sidebar-style":"default","ast-global-header-display":"","ast-banner-title-visibility":"","ast-main-header-display":"","ast-hfb-above-header-display":"","ast-hfb-below-header-display":"","ast-hfb-mobile-header-display":"","site-post-title":"","ast-breadcrumbs-content":"","ast-featured-img":"","footer-sml-layout":"","ast-disable-related-posts":"","theme-transparent-header-meta":"default","adv-header-id-meta":"","stick-header-meta":"default","header-above-stick-meta":"","header-main-stick-meta":"","header-below-stick-meta":"","astra-migrate-meta-layouts":"default","ast-page-background-enabled":"default","ast-page-background-meta":{"desktop":{"background-color":"","background-image":"","background-repeat":"repeat","background-position":"center center","background-size":"auto","background-attachment":"scroll","background-type":"","background-media":"","overlay-type":"","overlay-color":"","overlay-opacity":"","overlay-gradient":""},"tablet":{"background-color":"","background-image":"","background-repeat":"repeat","background-position":"center center","background-size":"auto","background-attachment":"scroll","background-type":"","background-media":"","overlay-type":"","overlay-color":"","overlay-opacity":"","overlay-gradient":""},"mobile":{"background-color":"","background-image":"","background-repeat":"repeat","background-position":"center center","background-size":"auto","background-attachment":"scroll","background-type":"","background-media":"","overlay-type":"","overlay-color":"","overlay-opacity":"","overlay-gradient":""}},"ast-content-background-meta":{"desktop":{"background-color":"var(--ast-global-color-5)","background-image":"","background-repeat":"repeat","background-position":"center center","background-size":"auto","background-attachment":"scroll","background-type":"","background-media":"","overlay-type":"","overlay-color":"","overlay-opacity":"","overlay-gradient":""},"tablet":{"background-color":"var(--ast-global-color-5)","background-image":"","background-repeat":"repeat","background-position":"center center","background-size":"auto","background-attachment":"scroll","background-type":"","background-media":"","overlay-type":"","overlay-color":"","overlay-opacity":"","overlay-gradient":""},"mobile":{"background-color":"var(--ast-global-color-5)","background-image":"","background-repeat":"repeat","background-position":"center center","background-size":"auto","background-attachment":"scroll","background-type":"","background-media":"","overlay-type":"","overlay-color":"","overlay-opacity":"","overlay-gradient":""}}},"product_brand":[],"product_cat":[43,44],"product_tag":[],"class_list":{"0":"post-9484","1":"product","2":"type-product","3":"status-publish","4":"has-post-thumbnail","6":"product_cat-etiketten-fur-textilien","7":"product_cat-single-de","8":"desktop-align-center","9":"tablet-align-center","10":"mobile-align-center","11":"ast-product-gallery-layout-horizontal","12":"ast-magnify-disabled","13":"ast-product-tabs-layout-horizontal","15":"first","16":"instock","17":"taxable","18":"shipping-taxable","19":"purchasable","20":"product-type-simple"},"yoast_head":"<!-- This site is optimized with the Yoast SEO plugin v27.3 - https:\/\/yoast.com\/product\/yoast-seo-wordpress\/ -->\n<title>Schuh-Etiketten | KidzStickers - Vos \u00e9tiquettes personnalis\u00e9es pour objets et v\u00eatements<\/title>\n<meta name=\"robots\" content=\"index, follow, max-snippet:-1, max-image-preview:large, max-video-preview:-1\" \/>\n<link rel=\"canonical\" href=\"\/de\/produkt\/schuh-etiketten\/\" \/>\n<meta property=\"og:locale\" content=\"de_DE\" \/>\n<meta property=\"og:type\" content=\"article\" \/>\n<meta property=\"og:title\" content=\"Schuh-Etiketten | KidzStickers - Vos \u00e9tiquettes personnalis\u00e9es pour objets et v\u00eatements\" \/>\n<meta property=\"og:description\" content=\"12 Etiketten | 37 x 40 mm\" \/>\n<meta property=\"og:url\" content=\"\/de\/produkt\/schuh-etiketten\/\" \/>\n<meta property=\"og:site_name\" content=\"KidzStickers - Vos \u00e9tiquettes personnalis\u00e9es pour objets et v\u00eatements\" \/>\n<meta property=\"article:modified_time\" content=\"2022-07-21T13:17:09+00:00\" \/>\n<meta property=\"og:image\" content=\"https:\/\/kidzstickers.com\/wp-content\/uploads\/2020\/04\/kidzstickers_23.jpg\" \/>\n\t<meta property=\"og:image:width\" content=\"1024\" \/>\n\t<meta property=\"og:image:height\" content=\"1024\" \/>\n\t<meta property=\"og:image:type\" content=\"image\/jpeg\" \/>\n<meta name=\"twitter:card\" content=\"summary_large_image\" \/>\n<script type=\"application\/ld+json\" class=\"yoast-schema-graph\">{\"@context\":\"https:\\\/\\\/schema.org\",\"@graph\":[{\"@type\":\"WebPage\",\"@id\":\"https:\\\/\\\/kidzstickers.com\\\/de\\\/produkt\\\/schuh-etiketten\\\/\",\"url\":\"https:\\\/\\\/kidzstickers.com\\\/de\\\/produkt\\\/schuh-etiketten\\\/\",\"name\":\"Schuh-Etiketten | KidzStickers - Vos \u00e9tiquettes personnalis\u00e9es pour objets et v\u00eatements\",\"isPartOf\":{\"@id\":\"https:\\\/\\\/kidzstickers.com\\\/de\\\/#website\"},\"primaryImageOfPage\":{\"@id\":\"https:\\\/\\\/kidzstickers.com\\\/de\\\/produkt\\\/schuh-etiketten\\\/#primaryimage\"},\"image\":{\"@id\":\"https:\\\/\\\/kidzstickers.com\\\/de\\\/produkt\\\/schuh-etiketten\\\/#primaryimage\"},\"thumbnailUrl\":\"https:\\\/\\\/kidzstickers.com\\\/wp-content\\\/uploads\\\/2020\\\/04\\\/kidzstickers_23.jpg\",\"datePublished\":\"2020-04-19T10:27:57+00:00\",\"dateModified\":\"2022-07-21T13:17:09+00:00\",\"breadcrumb\":{\"@id\":\"https:\\\/\\\/kidzstickers.com\\\/de\\\/produkt\\\/schuh-etiketten\\\/#breadcrumb\"},\"inLanguage\":\"de\",\"potentialAction\":[{\"@type\":\"ReadAction\",\"target\":[\"https:\\\/\\\/kidzstickers.com\\\/de\\\/produkt\\\/schuh-etiketten\\\/\"]}]},{\"@type\":\"ImageObject\",\"inLanguage\":\"de\",\"@id\":\"https:\\\/\\\/kidzstickers.com\\\/de\\\/produkt\\\/schuh-etiketten\\\/#primaryimage\",\"url\":\"https:\\\/\\\/kidzstickers.com\\\/wp-content\\\/uploads\\\/2020\\\/04\\\/kidzstickers_23.jpg\",\"contentUrl\":\"https:\\\/\\\/kidzstickers.com\\\/wp-content\\\/uploads\\\/2020\\\/04\\\/kidzstickers_23.jpg\",\"width\":1024,\"height\":1024},{\"@type\":\"BreadcrumbList\",\"@id\":\"https:\\\/\\\/kidzstickers.com\\\/de\\\/produkt\\\/schuh-etiketten\\\/#breadcrumb\",\"itemListElement\":[{\"@type\":\"ListItem\",\"position\":1,\"name\":\"Accueil\",\"item\":\"https:\\\/\\\/kidzstickers.com\\\/de\\\/\"},{\"@type\":\"ListItem\",\"position\":2,\"name\":\"Shop\",\"item\":\"https:\\\/\\\/kidzstickers.com\\\/de\\\/shop-2\\\/\"},{\"@type\":\"ListItem\",\"position\":3,\"name\":\"Schuh-Etiketten\"}]},{\"@type\":\"WebSite\",\"@id\":\"https:\\\/\\\/kidzstickers.com\\\/de\\\/#website\",\"url\":\"https:\\\/\\\/kidzstickers.com\\\/de\\\/\",\"name\":\"KidzStickers - Vos \u00e9tiquettes personnalis\u00e9es pour objets et v\u00eatements\",\"description\":\"Stickers personnalis\u00e9s pour habits et objets\",\"publisher\":{\"@id\":\"https:\\\/\\\/kidzstickers.com\\\/de\\\/#organization\"},\"potentialAction\":[{\"@type\":\"SearchAction\",\"target\":{\"@type\":\"EntryPoint\",\"urlTemplate\":\"https:\\\/\\\/kidzstickers.com\\\/de\\\/?s={search_term_string}\"},\"query-input\":{\"@type\":\"PropertyValueSpecification\",\"valueRequired\":true,\"valueName\":\"search_term_string\"}}],\"inLanguage\":\"de\"},{\"@type\":\"Organization\",\"@id\":\"https:\\\/\\\/kidzstickers.com\\\/de\\\/#organization\",\"name\":\"KidzStickers\",\"url\":\"https:\\\/\\\/kidzstickers.com\\\/de\\\/\",\"logo\":{\"@type\":\"ImageObject\",\"inLanguage\":\"de\",\"@id\":\"https:\\\/\\\/kidzstickers.com\\\/de\\\/#\\\/schema\\\/logo\\\/image\\\/\",\"url\":\"https:\\\/\\\/www.kidzstickers.ch\\\/wp-content\\\/uploads\\\/2020\\\/05\\\/cropped-kidzstickers-1.png\",\"contentUrl\":\"https:\\\/\\\/www.kidzstickers.ch\\\/wp-content\\\/uploads\\\/2020\\\/05\\\/cropped-kidzstickers-1.png\",\"width\":160,\"height\":160,\"caption\":\"KidzStickers\"},\"image\":{\"@id\":\"https:\\\/\\\/kidzstickers.com\\\/de\\\/#\\\/schema\\\/logo\\\/image\\\/\"}}]}<\/script>\n<!-- \/ Yoast SEO plugin. -->","yoast_head_json":{"title":"Schuh-Etiketten | KidzStickers - Vos \u00e9tiquettes personnalis\u00e9es pour objets et v\u00eatements","robots":{"index":"index","follow":"follow","max-snippet":"max-snippet:-1","max-image-preview":"max-image-preview:large","max-video-preview":"max-video-preview:-1"},"canonical":"\/de\/produkt\/schuh-etiketten\/","og_locale":"de_DE","og_type":"article","og_title":"Schuh-Etiketten | KidzStickers - Vos \u00e9tiquettes personnalis\u00e9es pour objets et v\u00eatements","og_description":"12 Etiketten | 37 x 40 mm","og_url":"\/de\/produkt\/schuh-etiketten\/","og_site_name":"KidzStickers - Vos \u00e9tiquettes personnalis\u00e9es pour objets et v\u00eatements","article_modified_time":"2022-07-21T13:17:09+00:00","og_image":[{"width":1024,"height":1024,"url":"https:\/\/kidzstickers.com\/wp-content\/uploads\/2020\/04\/kidzstickers_23.jpg","type":"image\/jpeg"}],"twitter_card":"summary_large_image","schema":{"@context":"https:\/\/schema.org","@graph":[{"@type":"WebPage","@id":"\/de\/produkt\/schuh-etiketten\/","url":"\/de\/produkt\/schuh-etiketten\/","name":"Schuh-Etiketten | KidzStickers - Vos \u00e9tiquettes personnalis\u00e9es pour objets et v\u00eatements","isPartOf":{"@id":"\/de\/#website"},"primaryImageOfPage":{"@id":"\/de\/produkt\/schuh-etiketten\/#primaryimage"},"image":{"@id":"\/de\/produkt\/schuh-etiketten\/#primaryimage"},"thumbnailUrl":"https:\/\/kidzstickers.com\/wp-content\/uploads\/2020\/04\/kidzstickers_23.jpg","datePublished":"2020-04-19T10:27:57+00:00","dateModified":"2022-07-21T13:17:09+00:00","breadcrumb":{"@id":"\/de\/produkt\/schuh-etiketten\/#breadcrumb"},"inLanguage":"de","potentialAction":[{"@type":"ReadAction","target":["\/de\/produkt\/schuh-etiketten\/"]}]},{"@type":"ImageObject","inLanguage":"de","@id":"\/de\/produkt\/schuh-etiketten\/#primaryimage","url":"https:\/\/kidzstickers.com\/wp-content\/uploads\/2020\/04\/kidzstickers_23.jpg","contentUrl":"https:\/\/kidzstickers.com\/wp-content\/uploads\/2020\/04\/kidzstickers_23.jpg","width":1024,"height":1024},{"@type":"BreadcrumbList","@id":"\/de\/produkt\/schuh-etiketten\/#breadcrumb","itemListElement":[{"@type":"ListItem","position":1,"name":"Accueil","item":"\/de\/"},{"@type":"ListItem","position":2,"name":"Shop","item":"\/de\/shop-2\/"},{"@type":"ListItem","position":3,"name":"Schuh-Etiketten"}]},{"@type":"WebSite","@id":"\/de\/#website","url":"\/de\/","name":"KidzStickers - Vos \u00e9tiquettes personnalis\u00e9es pour objets et v\u00eatements","description":"Stickers personnalis\u00e9s pour habits et objets","publisher":{"@id":"\/de\/#organization"},"potentialAction":[{"@type":"SearchAction","target":{"@type":"EntryPoint","urlTemplate":"\/de\/?s={search_term_string}"},"query-input":{"@type":"PropertyValueSpecification","valueRequired":true,"valueName":"search_term_string"}}],"inLanguage":"de"},{"@type":"Organization","@id":"\/de\/#organization","name":"KidzStickers","url":"\/de\/","logo":{"@type":"ImageObject","inLanguage":"de","@id":"\/de\/#\/schema\/logo\/image\/","url":"https:\/\/www.kidzstickers.ch\/wp-content\/uploads\/2020\/05\/cropped-kidzstickers-1.png","contentUrl":"https:\/\/www.kidzstickers.ch\/wp-content\/uploads\/2020\/05\/cropped-kidzstickers-1.png","width":160,"height":160,"caption":"KidzStickers"},"image":{"@id":"\/de\/#\/schema\/logo\/image\/"}}]}},"jetpack_sharing_enabled":true,"_links":{"self":[{"href":"\/de\/wp-json\/wp\/v2\/product\/9484","targetHints":{"allow":["GET"]}}],"collection":[{"href":"\/de\/wp-json\/wp\/v2\/product"}],"about":[{"href":"\/de\/wp-json\/wp\/v2\/types\/product"}],"wp:featuredmedia":[{"embeddable":true,"href":"\/de\/wp-json\/wp\/v2\/media\/43"}],"wp:attachment":[{"href":"\/de\/wp-json\/wp\/v2\/media?parent=9484"}],"wp:term":[{"taxonomy":"product_brand","embeddable":true,"href":"\/de\/wp-json\/wp\/v2\/product_brand?post=9484"},{"taxonomy":"product_cat","embeddable":true,"href":"\/de\/wp-json\/wp\/v2\/product_cat?post=9484"},{"taxonomy":"product_tag","embeddable":true,"href":"\/de\/wp-json\/wp\/v2\/product_tag?post=9484"}],"curies":[{"name":"wp","href":"https:\/\/api.w.org\/{rel}","templated":true}]}}